{"id":4052,"date":"2018-01-17T09:34:52","date_gmt":"2018-01-17T07:34:52","guid":{"rendered":"http:\/\/www.bargondys.com\/?page_id=4052"},"modified":"2018-05-24T17:01:46","modified_gmt":"2018-05-24T15:01:46","slug":"bcloud","status":"publish","type":"page","link":"https:\/\/www.bargondys.com\/index.php\/bcloud\/","title":{"rendered":"bCloud, tus datos protegidos y en todos los dispositivos"},"content":{"rendered":"<div class=\"wpb-content-wrapper\"><p>[vc_row][vc_column][vc_empty_space height=\u00bb50px\u00bb][vc_custom_heading text=\u00bbAlmacenamiento, compartici\u00f3n, sincronizaci\u00f3n y copias de seguridad\u00bb font_container=\u00bbtag:h1|text_align:center\u00bb use_theme_fonts=\u00bbyes\u00bb][vc_empty_space][vc_row_inner][vc_column_inner width=\u00bb1\/2&#8243;][vc_column_text]bCloud es un servicio de alojamiento de ficheros en la nube basado en la probada y reconocida tecnolog\u00eda de <a href=\"https:\/\/www.seafile.com\" target=\"_blank\" rel=\"noopener\">SeaFile<\/a>.<\/p>\n<p>Pon tus archivos importantes en tu propio servidor con la garant\u00eda de seguridad que ofrece el cifrado de extremo a extremo.<\/p>\n<p>Puedes acceder a los datos desde cualquier dispositivo y tener la informaci\u00f3n sincronizada en todo momento.<\/p>\n<p>Los archivos que modifiques se actualizan inmediatamente en tus copias de seguridad, pero si quieres acceder a datos m\u00e1s antiguos, mantenemos un historial de revisiones de hasta 7 d\u00edas.<\/p>\n<p>Compartir archivos grandes simplemente enviando un enlace, te facilitar\u00e1 compartir tus experiencias con familia y amigos.<\/p>\n<p>Sube autom\u00e1ticamente las fotos y videos que haces con el m\u00f3vil, para tenerlas siempre rspaldadas y accesibles desde todos tus dispositivos[\/vc_column_text][\/vc_column_inner][vc_column_inner width=\u00bb1\/2&#8243;][vc_single_image image=\u00bb3942&#8243; img_size=\u00bbfull\u00bb alignment=\u00bbright\u00bb css_animation=\u00bbappear\u00bb][\/vc_column_inner][\/vc_row_inner][\/vc_column][\/vc_row][vc_row full_width=\u00bbstretch_row\u00bb full_height=\u00bbyes\u00bb content_placement=\u00bbmiddle\u00bb css_animation=\u00bbappear\u00bb css=\u00bb.vc_custom_1505639272988{background-position: 0 0 !important;background-repeat: no-repeat !important;}\u00bb][vc_column][vc_separator][vc_custom_heading text=\u00bbCaracter\u00edsticas detalladas\u00bb font_container=\u00bbtag:h1|text_align:center\u00bb use_theme_fonts=\u00bbyes\u00bb][vc_empty_space][vc_row_inner][vc_column_inner width=\u00bb1\/3&#8243;][vc_icon type=\u00bbtypicons\u00bb icon_typicons=\u00bbtypcn typcn-arrow-repeat-outline\u00bb size=\u00bbxl\u00bb align=\u00bbcenter\u00bb][vc_custom_heading text=\u00bbSincronizaci\u00f3n multiplataforma\u00bb font_container=\u00bbtag:h3|text_align:center\u00bb use_theme_fonts=\u00bbyes\u00bb][vc_column_text]bCloud organiza los archivos en biblitecas. Cada biblioteca puede sincronizarse con cualquier equipo, ya sea Windows, Linux o Mac. Las bibliotecas pueden sincronizarse con cualquier carpeta local. Las bibliotecas no sincronizadas, son tambi\u00e9n accesibles a trav\u00e9s de cualquier navegador web. bCloud tiene un rendimiento espectacular en la sincronizaci\u00f3n, cientos de archivos pueden sincronizarse en un minuto.[\/vc_column_text][\/vc_column_inner][vc_column_inner width=\u00bb1\/3&#8243;][vc_icon type=\u00bbtypicons\u00bb icon_typicons=\u00bbtypcn typcn-device-phone\u00bb size=\u00bbxl\u00bb align=\u00bbcenter\u00bb][vc_custom_heading text=\u00bbApp para iPhone y Android\u00bb font_container=\u00bbtag:h3|text_align:center\u00bb use_theme_fonts=\u00bbyes\u00bb][vc_column_text]<\/p>\n<p class=\"feature-brief\">Accede a tus archivos desde el cliente SeaFile para iPhone y Android. Abre y modifica tus documentos, al guardarlos se actualizar\u00e1n en la nube. Puedes configurar la app para que las fotos y videos se suban autom\u00e1ticamente a tu servidor. Tambi\u00e9n puedes crear copias de seguridad de tus contactos para conservarlos en caso de p\u00e9rdida o aver\u00eda del m\u00f3vil<\/p>\n<p>[\/vc_column_text][\/vc_column_inner][vc_column_inner width=\u00bb1\/3&#8243;][vc_icon type=\u00bbtypicons\u00bb icon_typicons=\u00bbtypcn typcn-group-outline\u00bb size=\u00bbxl\u00bb align=\u00bbcenter\u00bb][vc_custom_heading text=\u00bbColaboraci\u00f3n y permisos\u00bb font_container=\u00bbtag:h3|text_align:center\u00bb use_theme_fonts=\u00bbyes\u00bb][vc_column_text]<\/p>\n<p class=\"feature-brief\">Las bibliotecas, carpetas y archivos pueden compartirse con otros usuarios o con grupos de usuarios, asign\u00e1ndoles permisos de solo lectura o lectura y modificaci\u00f3n. Es posible asignar permisos diferetes a las subcarpetas, dando la posibilidad de crear una compleja jerarqu\u00eda de permisos. Se pueden compartir elementos con usuarios externos mediante enlaces de descarga o de subida, \u00e9stos enlaces compartidos pueden protegerse mediante contrase\u00f1a y asignarles una fecha de caducidad.<\/p>\n<p>[\/vc_column_text][\/vc_column_inner][\/vc_row_inner][vc_row_inner][vc_column_inner width=\u00bb1\/3&#8243;][vc_icon type=\u00bbtypicons\u00bb icon_typicons=\u00bbtypcn typcn-sort-numerically-outline\u00bb size=\u00bbxl\u00bb align=\u00bbcenter\u00bb][vc_custom_heading text=\u00bbHistorial e instantaneas\u00bb font_container=\u00bbtag:h3|text_align:center\u00bb use_theme_fonts=\u00bbyes\u00bb][vc_column_text]<\/p>\n<div class=\"row\">\n<div class=\"col-sm-6 col-md-5\">\n<p class=\"feature-brief\">bCloud mantiene versionado de archivos e instantaneas de bibliotecas, gracias a ello se pueden restaurar versiones antiguas de un determinado archivo o carpeta f\u00e1cilmente. Las instantaneas son una forma de protegerse contra ataques de ramsomware, recuperando carpetas enteras que han sido encriptadas.<\/p>\n<\/div>\n<\/div>\n<p>[\/vc_column_text][\/vc_column_inner][vc_column_inner width=\u00bb1\/3&#8243;][vc_icon type=\u00bbtypicons\u00bb icon_typicons=\u00bbtypcn typcn-lock-closed-outline\u00bb size=\u00bbxl\u00bb align=\u00bbcenter\u00bb][vc_custom_heading text=\u00bbEncriptaci\u00f3n y seguridad\u00bb font_container=\u00bbtag:h3|text_align:center\u00bb use_theme_fonts=\u00bbyes\u00bb][vc_column_text]<\/p>\n<p class=\"feature-brief\">bCloud soporta encriptaci\u00f3n de extremo a extremo para mantener los datos protegidos desde el momento en que se generan, esta es una caracter\u00edstica \u00fanica, que no ofrece casi ninguna otra solucion de almacenamiento en la nube. bCloud incluye las siguientes caracter\u00edsticas de seguridad:<br \/>\n&#8211; Autenticaci\u00f3n de doble factor<br \/>\n&#8211; Encriptado de extermo a extremo con contrase\u00f1a<br \/>\n&#8211; Transferencia de datos protegida por el protocolo HTTPS\/TLS<br \/>\n&#8211; Borrado remoto<br \/>\n&#8211; An\u00e1lisis de virus en archivos transferidos<\/p>\n<p>[\/vc_column_text][\/vc_column_inner][vc_column_inner width=\u00bb1\/3&#8243;][vc_icon type=\u00bbtypicons\u00bb icon_typicons=\u00bbtypcn typcn-database\u00bb size=\u00bbxl\u00bb align=\u00bbcenter\u00bb][vc_custom_heading text=\u00bbUnidad virtual\u00bb font_container=\u00bbtag:h3|text_align:center\u00bb use_theme_fonts=\u00bbyes\u00bb][vc_column_text]<\/p>\n<div class=\"row\">\n<div class=\"col-sm-6 col-md-5\">\n<p class=\"feature-brief\">Con Seafile Drive instalado en tu PC, podr\u00e1s extender la capacidad de almacenamiento local de tu equipo vinculando tu espacio en bCloud a una unidad local. Tambi\u00e9n podr\u00e1s acceder inmediatamente a todos tus archivos en la nube sin necesidad de sincronizarlos previamente.<\/p>\n<\/div>\n<\/div>\n<p>[\/vc_column_text][\/vc_column_inner][\/vc_row_inner][\/vc_column][\/vc_row][vc_row][vc_column][vc_separator][vc_custom_heading text=\u00bbPlanes y precios\u00bb font_container=\u00bbtag:h1|text_align:center\u00bb use_theme_fonts=\u00bbyes\u00bb][vc_empty_space][vc_row_inner][vc_column_inner width=\u00bb1\/4&#8243;]<div class=\"pricing-box  cp-right pricing-box-box\"><div class=\"plan-header\"><h2 class=\"title \">bCloud 50<\/h2><div class=\"price\"><span>9,99<\/span><sup class=\"currency\">\u20ac<\/sup><sup class=\"period\">\/mes<\/sup><\/div><hr class=\"hr_color\" \/><p class=\"subtitle\"><big>\n50 Gb\n<\/big><\/p><\/div><div class=\"plan-inside\"><span class=\"pi-content\"><\/p>\n<ul>\n<li>Sin l\u00edmite de dispositivos conectados<\/li>\n<li>Sincronizaci\u00f3n entre Windows, Mac, Linux, iPhone y Android<\/li>\n<li>Copias de seguridad en tiempo real<\/li>\n<li>Datos cifrados durante la transmisi\u00f3n y en el destino<\/li>\n<li>Configuraci\u00f3n inicial realizada por uno de nuestros expertos<\/li>\n<\/ul>\n<p><\/span><\/div><div class=\"plan-footer\"><a href=\"#\" class=\"button button_theme has-icon button_left\"  title=\"Comprar\"><span class=\"button_icon\"><i class=\"icon-bag\" aria-hidden=\"true\"><\/i><\/span><span class=\"button_label\">Comprar<\/span><\/a><\/div><\/div>\n[\/vc_column_inner][vc_column_inner width=\u00bb1\/4&#8243;]<div class=\"pricing-box  cp-right pricing-box-featured pricing-box-box\"><div class=\"plan-header\"><h2 class=\"title \">bCloud 250<\/h2><div class=\"price\"><span>14,99<\/span><sup class=\"currency\">\u20ac<\/sup><sup class=\"period\">\/mes<\/sup><\/div><hr class=\"hr_color\" \/><p class=\"subtitle\"><big>\n250 Gb\n<\/big><\/p><\/div><div class=\"plan-inside\"><span class=\"pi-content\"><\/p>\n<ul>\n<li>Sin l\u00edmite de dispositivos conectados<\/li>\n<li>Sincronizaci\u00f3n entre Windows, Mac, Linux, iPhone y Android<\/li>\n<li>Copias de seguridad en tiempo real<\/li>\n<li>Datos cifrados durante la transmisi\u00f3n y en el destino<\/li>\n<li>Configuraci\u00f3n inicial realizada por uno de nuestros expertos<\/li>\n<\/ul>\n<p><\/span><\/div><div class=\"plan-footer\"><a href=\"#\" class=\"button button_theme has-icon button_left\"  title=\"Comprar\"><span class=\"button_icon\"><i class=\"icon-bag\" aria-hidden=\"true\"><\/i><\/span><span class=\"button_label\">Comprar<\/span><\/a><\/div><\/div>\n[\/vc_column_inner][vc_column_inner width=\u00bb1\/4&#8243;]<div class=\"pricing-box  cp-right pricing-box-box\"><div class=\"plan-header\"><h2 class=\"title \">bCloud 500<\/h2><div class=\"price\"><span>19,99<\/span><sup class=\"currency\">\u20ac<\/sup><sup class=\"period\">\/mes<\/sup><\/div><hr class=\"hr_color\" \/><p class=\"subtitle\"><big>\n500 Gb\n<\/big><\/p><\/div><div class=\"plan-inside\"><span class=\"pi-content\"><\/p>\n<ul>\n<li>Sin l\u00edmite de dispositivos conectados<\/li>\n<li>Sincronizaci\u00f3n entre Windows, Mac, Linux, iPhone y Android<\/li>\n<li>Copias de seguridad en tiempo real<\/li>\n<li>Datos cifrados durante la transmisi\u00f3n y en el destino<\/li>\n<li>Configuraci\u00f3n inicial realizada por uno de nuestros expertos<\/li>\n<\/ul>\n<p><\/span><\/div><div class=\"plan-footer\"><a href=\"#\" class=\"button button_theme has-icon button_left\"  title=\"Comprar\"><span class=\"button_icon\"><i class=\"icon-bag\" aria-hidden=\"true\"><\/i><\/span><span class=\"button_label\">Comprar<\/span><\/a><\/div><\/div>\n[\/vc_column_inner][vc_column_inner width=\u00bb1\/4&#8243;]<div class=\"pricing-box  cp-right pricing-box-box\"><div class=\"plan-header\"><h2 class=\"title \">bCloud 1000<\/h2><div class=\"price\"><span>24,99<\/span><sup class=\"currency\">\u20ac<\/sup><sup class=\"period\">\/mes<\/sup><\/div><hr class=\"hr_color\" \/><p class=\"subtitle\"><big>\n1000 Gb\n<\/big><\/p><\/div><div class=\"plan-inside\"><span class=\"pi-content\"><\/p>\n<ul>\n<li>Sin l\u00edmite de dispositivos conectados<\/li>\n<li>Sincronizaci\u00f3n entre Windows, Mac, Linux, iPhone y Android<\/li>\n<li>Copias de seguridad en tiempo real<\/li>\n<li>Datos cifrados durante la transmisi\u00f3n y en el destino<\/li>\n<li>Configuraci\u00f3n inicial realizada por uno de nuestros expertos<\/li>\n<\/ul>\n<p><\/span><\/div><div class=\"plan-footer\"><a href=\"#\" class=\"button button_theme has-icon button_left\"  title=\"Comprar\"><span class=\"button_icon\"><i class=\"icon-bag\" aria-hidden=\"true\"><\/i><\/span><span class=\"button_label\">Comprar<\/span><\/a><\/div><\/div>\n[\/vc_column_inner][\/vc_row_inner][\/vc_column][\/vc_row][vc_row][vc_column][vc_separator][vc_custom_heading text=\u00bbInformaci\u00f3n y contrataci\u00f3n\u00bb font_container=\u00bbtag:h1|text_align:center\u00bb use_theme_fonts=\u00bbyes\u00bb][vc_empty_space][vc_row_inner][vc_column_inner width=\u00bb1\/2&#8243;][\/vc_column_inner][vc_column_inner width=\u00bb1\/2&#8243; css=\u00bb.vc_custom_1509526267847{background-color: #ffffff !important;border-radius: 35px !important;}\u00bb]\n<div class=\"wpcf7 no-js\" id=\"wpcf7-f3994-o1\" lang=\"en-US\" dir=\"ltr\" data-wpcf7-id=\"3994\">\n<div class=\"screen-reader-response\"><p role=\"status\" aria-live=\"polite\" aria-atomic=\"true\"><\/p> <ul><\/ul><\/div>\n<form action=\"\/index.php\/wp-json\/wp\/v2\/pages\/4052#wpcf7-f3994-o1\" method=\"post\" class=\"wpcf7-form init\" aria-label=\"Contact form\" novalidate=\"novalidate\" data-status=\"init\">\n<fieldset class=\"hidden-fields-container\"><input type=\"hidden\" name=\"_wpcf7\" value=\"3994\" \/><input type=\"hidden\" name=\"_wpcf7_version\" value=\"6.1.5\" \/><input type=\"hidden\" name=\"_wpcf7_locale\" value=\"en_US\" \/><input type=\"hidden\" name=\"_wpcf7_unit_tag\" value=\"wpcf7-f3994-o1\" \/><input type=\"hidden\" name=\"_wpcf7_container_post\" value=\"0\" \/><input type=\"hidden\" name=\"_wpcf7_posted_data_hash\" value=\"\" \/><input type=\"hidden\" name=\"_wpcf7_recaptcha_response\" value=\"\" \/>\n<\/fieldset>\n<div class=\"column one\" style=\"margin-bottom: 2px;\">\n\t<p><span class=\"wpcf7-form-control-wrap\" data-name=\"nombre\"><input size=\"40\" maxlength=\"400\" class=\"wpcf7-form-control wpcf7-text wpcf7-validates-as-required\" aria-required=\"true\" aria-invalid=\"false\" placeholder=\"Nombre\" value=\"\" type=\"text\" name=\"nombre\" \/><\/span>\n\t<\/p>\n<\/div>\n<div class=\"column one\" style=\"margin-bottom: 2px;\">\n\t<p><span class=\"wpcf7-form-control-wrap\" data-name=\"email\"><input size=\"40\" maxlength=\"400\" class=\"wpcf7-form-control wpcf7-email wpcf7-validates-as-required wpcf7-text wpcf7-validates-as-email\" aria-required=\"true\" aria-invalid=\"false\" placeholder=\"Email\" value=\"\" type=\"email\" name=\"email\" \/><\/span>\n\t<\/p>\n<\/div>\n<div class=\"column one\" style=\"margin-bottom: 2px;\">\n\t<p><span class=\"wpcf7-form-control-wrap\" data-name=\"mensaje\"><textarea cols=\"40\" rows=\"3\" maxlength=\"2000\" class=\"wpcf7-form-control wpcf7-textarea\" aria-invalid=\"false\" placeholder=\"Mensaje\" name=\"mensaje\"><\/textarea><\/span>\n\t<\/p>\n<\/div>\n<div class=\"column one\" style=\"margin-bottom: 2px;\">\n\n<\/div>\n<div class=\"column one\" style=\"margin-bottom: 0px;\">\n\t<p><span class=\"wpcf7-form-control-wrap\" data-name=\"acceptance-487\"><span class=\"wpcf7-form-control wpcf7-acceptance\"><span class=\"wpcf7-list-item\"><label><input type=\"checkbox\" name=\"acceptance-487\" value=\"1\" aria-invalid=\"false\" \/><span class=\"wpcf7-list-item-label\">Al usar este formulario aceptas el almacenamiento y gesti\u00f3n de tus datos seg\u00fan nuestra <a href=\"https:\/\/www.bargondys.com\/index.php\/legal\/privacidad\/\" target=\"_blank\">Pol\u00edtica de Privacidad<\/a><\/span><\/label><\/span><\/span><\/span>\n\t<\/p>\n<\/div>\n<p><input class=\"wpcf7-form-control wpcf7-submit has-spinner\" type=\"submit\" value=\"Enviar\" \/>\n<\/p><div class=\"wpcf7-response-output\" aria-hidden=\"true\"><\/div>\n<\/form>\n<\/div>\n[\/vc_column_inner][\/vc_row_inner][\/vc_column][\/vc_row]<\/p>\n<\/div>","protected":false},"excerpt":{"rendered":"<p>[vc_row][vc_column][vc_empty_space height=\u00bb50px\u00bb][vc_custom_heading text=\u00bbAlmacenamiento, compartici\u00f3n, sincronizaci\u00f3n y copias de seguridad\u00bb font_container=\u00bbtag:h1|text_align:center\u00bb use_theme_fonts=\u00bbyes\u00bb][vc_empty_space][vc_row_inner][vc_column_inner width=\u00bb1\/2&#8243;][vc_column_text]bCloud es un servicio de alojamiento de ficheros en la nube basado en la probada<span class=\"excerpt-hellip\"> [\u2026]<\/span><\/p>\n","protected":false},"author":1,"featured_media":0,"parent":0,"menu_order":0,"comment_status":"open","ping_status":"closed","template":"","meta":{"rs_blank_template":"","rs_page_bg_color":"","slide_template_v7":"","footnotes":""},"class_list":["post-4052","page","type-page","status-publish","hentry"],"_links":{"self":[{"href":"https:\/\/www.bargondys.com\/index.php\/wp-json\/wp\/v2\/pages\/4052","targetHints":{"allow":["GET"]}}],"collection":[{"href":"https:\/\/www.bargondys.com\/index.php\/wp-json\/wp\/v2\/pages"}],"about":[{"href":"https:\/\/www.bargondys.com\/index.php\/wp-json\/wp\/v2\/types\/page"}],"author":[{"embeddable":true,"href":"https:\/\/www.bargondys.com\/index.php\/wp-json\/wp\/v2\/users\/1"}],"replies":[{"embeddable":true,"href":"https:\/\/www.bargondys.com\/index.php\/wp-json\/wp\/v2\/comments?post=4052"}],"version-history":[{"count":1,"href":"https:\/\/www.bargondys.com\/index.php\/wp-json\/wp\/v2\/pages\/4052\/revisions"}],"predecessor-version":[{"id":4055,"href":"https:\/\/www.bargondys.com\/index.php\/wp-json\/wp\/v2\/pages\/4052\/revisions\/4055"}],"wp:attachment":[{"href":"https:\/\/www.bargondys.com\/index.php\/wp-json\/wp\/v2\/media?parent=4052"}],"curies":[{"name":"wp","href":"https:\/\/api.w.org\/{rel}","templated":true}]}}