{"id":4056,"date":"2018-05-25T12:47:20","date_gmt":"2018-05-25T10:47:20","guid":{"rendered":"http:\/\/www.bargondys.com\/?page_id=4056"},"modified":"2018-05-27T11:35:51","modified_gmt":"2018-05-27T09:35:51","slug":"legal","status":"publish","type":"page","link":"https:\/\/www.bargondys.com\/index.php\/legal\/","title":{"rendered":"Aviso Legal"},"content":{"rendered":"<div class=\"wpb-content-wrapper\"><p>[vc_row][vc_column][vc_column_text]<strong>Denominaci\u00f3n Social:<\/strong> Bargonce Dise\u00f1o y Sistemas, S.L.u.<br \/>\n<strong>Domicilio Social:<\/strong> Ntra. Sra. de los Dolores 9, 28039 Madrid, Espa\u00f1a.<br \/>\n<strong>CIF:<\/strong> B84530948<br \/>\n<strong>Contacto:<\/strong> +34 913 114 443 &#8211; info@bargondys.com<br \/>\n<strong>Registro Mercantil:<\/strong> Incrita en el Registro Mercantil de Madrid, al tomo 22065, libro 0, folio 105, hoja n\u00famero M393552, inscripci\u00f3n 1\u00aa.<\/p>\n<ol>\n<li>Los derechos de propiedad intelectual del sitio web bargondys.com, su c\u00f3digo fuente, dise\u00f1o, estructura de navegaci\u00f3n, bases de datos y los distintos elementos en \u00e9l contenidos son titularidad de Bargonce Dise\u00f1o y Sistemas, S.L.u. a quien corresponde el ejercicio exclusivo de los derechos de explotaci\u00f3n de los mismos en cualquier forma y, en especial, los derechos de reproducci\u00f3n, distribuci\u00f3n, comunicaci\u00f3n p\u00fablica y transformaci\u00f3n.<\/li>\n<li>Estas condiciones generales regulan el acceso y utilizaci\u00f3n del sitio web bargondys.com que Bargonce Dise\u00f1o y Sistemas, S.L.u. pone gratuitamente a disposici\u00f3n de los usuarios de Internet. El acceso al mismo implica su aceptaci\u00f3n sin reservas. La utilizaci\u00f3n de determinados servicios ofrecidos en este sitio se regir\u00e1 adem\u00e1s por las condiciones particulares previstas en cada caso, las cuales se entender\u00e1n aceptadas por el mero uso de tales servicios.<\/li>\n<li>Se autoriza la visualizaci\u00f3n, impresi\u00f3n y descarga parcial del contenido de la web s\u00f3lo y exclusivamente si concurren las siguientes condiciones:\n<ol>\n<li>Que sea compatible con los fines de la web bargondys.com.<\/li>\n<li>Que se realice con el exclusivo \u00e1nimo de obtener la informaci\u00f3n contenida para uso personal y privado. Se proh\u00edbe expresamente su utilizaci\u00f3n con fines comerciales o para su distribuci\u00f3n, comunicaci\u00f3n publica, transformaci\u00f3n o descompilaci\u00f3n.<\/li>\n<li>Que ninguno de los contenidos relacionados en esta web sean modificados de manera alguna.<\/li>\n<li>Que ning\u00fan gr\u00e1fico, icono o imagen disponible en esta web sea utilizado, copiado o distribuido separadamente del texto o resto de im\u00e1genes que lo acompa\u00f1an.<\/li>\n<\/ol>\n<\/li>\n<li>Bargonce Dise\u00f1o y Sistemas, S.L.u. se reserva la facultad de efectuar, en cualquier momento y sin necesidad de previo aviso, modificaciones y actualizaciones de la informaci\u00f3n contenida en su web, de la configuraci\u00f3n y presentaci\u00f3n de \u00e9ste y de las condiciones de acceso.<\/li>\n<li>Bargonce Dise\u00f1o y Sistemas, S.L.u. no garantiza la inexistencia de interrupciones o errores en el acceso al web, en su contenido, ni que \u00e9ste se encuentre actualizado, aunque desarrollar\u00e1 sus mejores esfuerzos para, en su caso, evitarlos, subsanarlos o actualizarlos.<\/li>\n<li>Tanto el acceso a este web como el uso que pueda hacerse de la informaci\u00f3n contenida en el mismo es de la exclusiva responsabilidad de quien lo realiza. Bargonce Dise\u00f1o y Sistemas, S.L.u. no responder\u00e1 de ninguna consecuencia, da\u00f1o o perjuicio que pudieran derivarse de dicho acceso o uso de la informaci\u00f3n. Bargonce Dise\u00f1o y Sistemas, S.L.u. no se hace responsable de los posibles errores de seguridad que se puedan producir ni de los posibles da\u00f1os que puedan causarse al sistema inform\u00e1tico del usuario (hardware y software), los ficheros o documentos almacenados en el mismo, como consecuencia de la presencia de virus en el ordenador del usuario utilizado para la conexi\u00f3n a los servicios y contenidos de la web, de un mal funcionamiento del navegador o del uso de versiones no actualizadas del mismo.<\/li>\n<li>Bargonce Dise\u00f1o y Sistemas, S.L.u. no asume responsabilidad alguna derivada de la concesi\u00f3n o contenidos de los enlaces de terceros a los que se hace referencia en la web, ni garantiza la ausencia de virus u otros elementos en los mismos que puedan producir alteraciones en el sistema inform\u00e1tico (hardware y software), los documentos o los ficheros del usuario, excluyendo cualquier responsabilidad por los da\u00f1os de cualquier clase causados al usuario por este motivo.<\/li>\n<li>Bargonce Dise\u00f1o y Sistemas, S.L.u. es titular de los derechos de propiedad industrial referidos a sus productos y servicios, y espec\u00edficamente de los relativos a la marca registrada \u00abBargonDyS\u00bb. Respecto a las citas de productos y servicios de terceros Bargonce Dise\u00f1o y Sistemas, S.L.u. reconoce a favor de sus titulares los correspondientes derechos de propiedad industrial e intelectual, no implicando su sola menci\u00f3n o aparici\u00f3n en el web la existencia de derechos o responsabilidad alguna de Bargonce Dise\u00f1o y Sistemas, S.L.u. sobre los mismos, como tampoco respaldo, patrocinio, recomendaci\u00f3n por parte de Bargonce Dise\u00f1o y Sistemas, S.L.u.<\/li>\n<li>La utilizaci\u00f3n no autorizada de la informaci\u00f3n contenida en esta web, su reventa, as\u00ed como la lesi\u00f3n de los derechos de Propiedad Intelectual o Industrial de Bargonce Dise\u00f1o y Sistemas, S.L.u., dar\u00e1 lugar a las responsabilidades legalmente establecidas.<\/li>\n<li>Todo enlace de terceros a esta web debe serlo a su p\u00e1gina principal o de entrada.<\/li>\n<li>Bargonce Dise\u00f1o y Sistemas, S.L.u. y el usuario, con renuncia expresa a cualquier otro fuero, se someten al de los juzgados y tribunales de la localidad de Madrid para cualquier controversia que pudiera derivarse del acceso a esta web.<\/li>\n<\/ol>\n<p>[\/vc_column_text][\/vc_column][\/vc_row]<\/p>\n<\/div>","protected":false},"excerpt":{"rendered":"<p>[vc_row][vc_column][vc_column_text]Denominaci\u00f3n Social: Bargonce Dise\u00f1o y Sistemas, S.L.u. Domicilio Social: Ntra. Sra. de los Dolores 9, 28039 Madrid, Espa\u00f1a. CIF: B84530948 Contacto: +34 913 114 443 &#8211;<span class=\"excerpt-hellip\"> [\u2026]<\/span><\/p>\n","protected":false},"author":1,"featured_media":0,"parent":0,"menu_order":0,"comment_status":"closed","ping_status":"closed","template":"","meta":{"rs_blank_template":"","rs_page_bg_color":"","slide_template_v7":"","footnotes":""},"class_list":["post-4056","page","type-page","status-publish","hentry"],"_links":{"self":[{"href":"https:\/\/www.bargondys.com\/index.php\/wp-json\/wp\/v2\/pages\/4056","targetHints":{"allow":["GET"]}}],"collection":[{"href":"https:\/\/www.bargondys.com\/index.php\/wp-json\/wp\/v2\/pages"}],"about":[{"href":"https:\/\/www.bargondys.com\/index.php\/wp-json\/wp\/v2\/types\/page"}],"author":[{"embeddable":true,"href":"https:\/\/www.bargondys.com\/index.php\/wp-json\/wp\/v2\/users\/1"}],"replies":[{"embeddable":true,"href":"https:\/\/www.bargondys.com\/index.php\/wp-json\/wp\/v2\/comments?post=4056"}],"version-history":[{"count":4,"href":"https:\/\/www.bargondys.com\/index.php\/wp-json\/wp\/v2\/pages\/4056\/revisions"}],"predecessor-version":[{"id":4061,"href":"https:\/\/www.bargondys.com\/index.php\/wp-json\/wp\/v2\/pages\/4056\/revisions\/4061"}],"wp:attachment":[{"href":"https:\/\/www.bargondys.com\/index.php\/wp-json\/wp\/v2\/media?parent=4056"}],"curies":[{"name":"wp","href":"https:\/\/api.w.org\/{rel}","templated":true}]}}