{"id":4069,"date":"2018-05-27T09:34:52","date_gmt":"2018-05-27T07:34:52","guid":{"rendered":"https:\/\/www.bargondys.com\/?page_id=4069"},"modified":"2018-05-27T10:05:29","modified_gmt":"2018-05-27T08:05:29","slug":"cookies","status":"publish","type":"page","link":"https:\/\/www.bargondys.com\/index.php\/legal\/cookies\/","title":{"rendered":"Pol\u00edtica de Cookies"},"content":{"rendered":"<div class=\"wpb-content-wrapper\"><p>[vc_row][vc_column][vc_tta_accordion][vc_tta_section title=\u00bbPol\u00edtica de cookies\u00bb tab_id=\u00bb1527406482614-75d1383c-6030&#8243;][vc_column_text]De acuerdo con la normativa vigente, Bargonce Dise\u00f1o y Sistemas, S.L.u. facilita a los usuarios la informaci\u00f3n relativa a las cookies que utiliza su portal web, con el objetivo de prestar un mejor servicio y proporcionar a sus usuarios una mejor experiencia de navegaci\u00f3n.<\/p>\n<p>Para ello, informamos sobre qu\u00e9 es una cookie, las cookies utilizadas y el motivo de su uso. Asimismo, Bargonce Dise\u00f1o y Sistemas, S.L.u. informa sobre la manera en que las mismas pueden ser configuradas y, en su caso, deshabilitadas.[\/vc_column_text][\/vc_tta_section][vc_tta_section title=\u00bb\u00bfQu\u00e9 son las cookies?\u00bb tab_id=\u00bb1527406534323-ca08cad9-af70&#8243;][vc_column_text]Las cookies constituyen una herramienta empleada por los servidores web para almacenar y recuperar informaci\u00f3n acerca de sus visitantes. Las cookies son peque\u00f1os archivos de texto que enviamos a tu ordenador, Tablet o o cualquier otro dispositivo que te permita navegar por internet cuando accedes a determinadas p\u00e1ginas web. Las cookies permiten, entre otras cosas, mantener un registro sobre tus h\u00e1bitos de navegaci\u00f3n o de tu equipo, tus preferencias y recordarlas a su regreso.<\/p>\n<p>Bargonce Dise\u00f1o y Sistemas, S.L.u. utiliza cookies para facilitar la navegaci\u00f3n por su Web y para obtener una mayor eficacia y personalizaci\u00f3n de los servicios que te ofrecemos. Las cookies de personalizaci\u00f3n utilizadas permiten almacenar informaci\u00f3n sobre tus preferencias e idioma, con el fin de poder mostrarte contenidos y ofertas de especial inter\u00e9s para ti y de registrar el n\u00famero de veces que te mostramos un determinado mensaje (generalmente, novedades en la Web).[\/vc_column_text][\/vc_tta_section][vc_tta_section title=\u00bb\u00bfQui\u00e9n las utiliza?\u00bb tab_id=\u00bb1527406563076-eaed9cc5-8be0&#8243;][vc_column_text]Denominaci\u00f3n Social: Bargonce Dise\u00f1o y Sistemas, S.L.u.<br \/>\nDomicilio Social: Ntra. Sra. de los Dolores 9, 28039 Madrid, Espa\u00f1a.<br \/>\nCIF: B84530948<br \/>\nContacto: +34 913 114 443 &#8211; info@bargondys.com<br \/>\nRegistro Mercantil: Incrita en el Registro Mercantil de Madrid, al tomo 22065, libro 0, folio 105, hoja n\u00famero M393552, inscripci\u00f3n 1\u00aa.[\/vc_column_text][\/vc_tta_section][vc_tta_section title=\u00bb\u00bfQu\u00e9 tipo de cookies utiliza este portal web?\u00bb tab_id=\u00bb1527406594855-e634d38a-72bc\u00bb][vc_column_text]A continuaci\u00f3n, podr\u00e1s encontrar una clasificaci\u00f3n de las cookies utilizadas, teniendo en cuenta que una misma cookie puede estar incluida en m\u00e1s de una categor\u00eda.<\/p>\n<p><strong>Seg\u00fan la entidad que las gestione<\/strong><\/p>\n<p>Las cookies podr\u00e1n ser \u00abpropias\u00bb o \u00abde terceros\u00bb.<\/p>\n<p><strong>a) Cookies \u201cpropias\u201d<\/strong>: son las gestionadas por el dominio al que el usuario est\u00e1 accediendo y del que solicita un determinado servicio.<\/p>\n<p><strong>b) Cookies \u201cde terceros\u201d:<\/strong> son las que son enviadas al equipo del usuario desde un dominio diferente al nuestro que es gestionado por otra entidad colaboradora.<\/p>\n<p><strong>Seg\u00fan el tiempo que permaneces activadas<\/strong><\/p>\n<p>Las cookies podr\u00e1n ser de sesi\u00f3n o permanentes.<\/p>\n<p><strong>a) Cookies de sesi\u00f3n:<\/strong> Algunas cookies se asignan al dispositivo desde el que el usuario est\u00e9 navegando s\u00f3lo por la duraci\u00f3n de la visita al portal web, estas cookies son las denominadas \u201cde sesi\u00f3n\u201d dado que desaparecen autom\u00e1ticamente cuando el usuario cierra el navegador. Estas cookies permiten a Bargonce Dise\u00f1o y Sistemas, S.L.u. analizar pautas de tr\u00e1fico en su web y proporcionan una mejor experiencia de navegaci\u00f3n, mejorando su contenido y facilitando el uso del portal web.<\/p>\n<p><strong>b) Cookies permanentes:<\/strong> Otras cookies son \u201cpermanentes\u201d, de tal forma que los datos siguen almacenados en el equipo del usuario utilizado para navegar, siendo su duraci\u00f3n temporal la m\u00ednima imprescindible atendiendo a la finalidad de su uso. La duraci\u00f3n temporal de las cookies permanentes y su fecha de expiraci\u00f3n puede ser consultada a trav\u00e9s de la configuraci\u00f3n de tu navegador.<\/p>\n<p><strong>Seg\u00fan su finalidad<\/strong><\/p>\n<p>Las cookies podr\u00e1n ser t\u00e9cnicas, de personalizaci\u00f3n, anal\u00edticas o publicitarias.<\/p>\n<p><strong>a) Cookies t\u00e9cnicas propias:<\/strong> Estas cookies permiten al usuario la navegaci\u00f3n a trav\u00e9s de nuestra web y la utilizaci\u00f3n de las diferentes opciones o servicios que existen en ella. As\u00ed, permiten al usuario:<\/p>\n<ul>\n<li>Identificar la sesi\u00f3n<\/li>\n<li>Acceder a partes de acceso restringido para clientes<\/li>\n<li>Recordar los elementos que integran la cesta de la compra<\/li>\n<li>Realizar el proceso de compra<\/li>\n<li>Realizar la solicitud de inscripci\u00f3n o participaci\u00f3n en un evento<\/li>\n<li>Compartir contenidos a trav\u00e9s de redes sociales<\/li>\n<\/ul>\n<p><strong>b) Cookies t\u00e9cnicas de terceros:<\/strong> Bargonce Dise\u00f1o y Sistemas, S.L.u. hace uso de Google Maps para visualizar ubicaciones geogr\u00e1ficas. Su uso implica la remisi\u00f3n de dos cookies (PREF y NID) gestionadas enteramente por Google.<\/p>\n<p><strong>c) Cookies de personalizaci\u00f3n propias:<\/strong> Las cookies de personalizaci\u00f3n permiten, una vez que el usuario accede al servicio, almacenar informaci\u00f3n sobre la direcci\u00f3n IP de la conexi\u00f3n, las preferencias, idioma elegido por el usuario, el tipo de navegaci\u00f3n a trav\u00e9s la cual accede al servicio, configuraci\u00f3n regional desde d\u00f3nde se accede, etc. con el fin de poder mostrarte contenidos y ofertas adaptadas y de especial inter\u00e9s para el mismo, registrando el n\u00famero de veces que te mostramos un determinado mensaje (generalmente, novedades en la Web), etc.<\/p>\n<p><strong>d) Cookies Anal\u00edticas propias o de terceros:<\/strong> Este tipo de cookies, bien tratadas por nosotros o por terceros, nos facilitan informaci\u00f3n estad\u00edstica sobre el uso que los usuarios realizan del portal, como por ejemplo, qu\u00e9 p\u00e1ginas han visitado, si han tenido problemas t\u00e9cnicos en los accesos a ciertas p\u00e1ginas del portal.<\/p>\n<p>Estas cookies no permiten identificar al usuario, puesto que la informaci\u00f3n que recogen es an\u00f3nima y ser\u00e1 utilizada \u00fanicamente para trabajos de mejora de dise\u00f1o de las p\u00e1ginas y de navegaci\u00f3n por el portal, estad\u00edsticas de uso, velocidad de las b\u00fasquedas, medici\u00f3n de la actividad del sitio web, etc.<\/p>\n<p><strong>e) Cookies de terceros para la gesti\u00f3n de espacios publicitarios:<\/strong> Son cookies almacenadas por terceras empresas que gestionan los espacios que sirven publicidad de Bargonce Dise\u00f1o y Sistemas, S.L.u. y a las que los usuarios acceden. Estas cookies permiten medir la efectividad de nuestras campa\u00f1as online, proporcionar informaci\u00f3n que sea de inter\u00e9s del usuario y ofrecerte contenidos publicitarios adaptados a las preferencias del mismo. A trav\u00e9s de las Pol\u00edticas de Privacidad de estos terceros se podr\u00e1 obtener m\u00e1s informaci\u00f3n sobre su funcionamiento y el uso que hacen de las cookies.[\/vc_column_text][\/vc_tta_section][vc_tta_section title=\u00bb\u00bfC\u00f3mo configurar o deshabilitar las cookies?\u00bb tab_id=\u00bb1527407047409-3503f0fb-b16a\u00bb][vc_column_text]Puesto que las cookies que implementamos son, con car\u00e1cter general, para todos los usuarios de los sitios web de Bargonce Dise\u00f1o y Sistemas, S.L.u., en el caso que desees modificarlas, podr\u00e1s gestionar las cookies a trav\u00e9s de las herramientas de tu propio navegador.<\/p>\n<ul>\n<li><a href=\"https:\/\/support.google.com\/chrome\/answer\/95647?hl=es\" target=\"_blank\" rel=\"noopener\">Chrome<\/a> (https:\/\/support.google.com\/chrome\/answer\/95647?hl=es)<\/li>\n<li><a href=\"http:\/\/windows.microsoft.com\/es-es\/windows-vista\/block-or-allow-cookies\" target=\"_blank\" rel=\"noopener\">Internet Explorer<\/a> (http:\/\/windows.microsoft.com\/es-es\/windows-vista\/block-or-allow-cookies)<\/li>\n<li><a href=\"https:\/\/support.mozilla.org\/es\/kb\/habilitar-y-deshabilitar-cookies-que-los-sitios-we\" target=\"_blank\" rel=\"noopener\">Firefox<\/a> (https:\/\/support.mozilla.org\/es\/kb\/habilitar-y-deshabilitar-cookies-que-los-sitios-we)<\/li>\n<li><a href=\"http:\/\/support.apple.com\/kb\/ph5042?viewlocale=es_es\" target=\"_blank\" rel=\"noopener\">Safari<\/a> (http:\/\/support.apple.com\/kb\/ph5042?viewlocale=es_es)<\/li>\n<li><a href=\"http:\/\/support.apple.com\/kb\/ht1677?viewlocale=es_es\" target=\"_blank\" rel=\"noopener\">Safari para IOS<\/a> (iPhone y iPad) (http:\/\/support.apple.com\/kb\/ht1677?viewlocale=es_es)<\/li>\n<li><a href=\"https:\/\/support.google.com\/chrome\/answer\/2392971?hl=es\" target=\"_blank\" rel=\"noopener\">Chrome para Android<\/a> (https:\/\/support.google.com\/chrome\/answer\/2392971?hl=es)<\/li>\n<\/ul>\n<p>Las cookies son esenciales para el funcionamiento de Internet, aportando innumerables ventajas en la prestaci\u00f3n de servicios interactivos. Sin embargo, el uso compartido de \u00e9stas entre diferentes webs ha despertado alarma social en el contexto de la personalizaci\u00f3n de espacios publicitarios.<\/p>\n<p><strong>Aviso sobre eliminaci\u00f3n de cookies de personalizaci\u00f3n:<\/strong><\/p>\n<p>Te recordamos que si eliminas las cookies de personalizaci\u00f3n tendr\u00e1s que actualizar tus preferencias cada vez que inicies una sesi\u00f3n con nosotros o si utilizas un dispositivo diferente, perfil ordenador o navegador tendr\u00e1s que decirnos tus preferencias nuevamente. Del mismo modo, podr\u00e1s impedir el funcionamiento correcto de algunas funcionalidades.[\/vc_column_text][\/vc_tta_section][vc_tta_section title=\u00bbSecci\u00f3n\u00bb tab_id=\u00bb1527407218916-3851dd63-feff\u00bb][\/vc_tta_section][\/vc_tta_accordion][\/vc_column][\/vc_row]<\/p>\n<\/div>","protected":false},"excerpt":{"rendered":"<p>[vc_row][vc_column][vc_tta_accordion][vc_tta_section title=\u00bbPol\u00edtica de cookies\u00bb tab_id=\u00bb1527406482614-75d1383c-6030&#8243;][vc_column_text]De acuerdo con la normativa vigente, Bargonce Dise\u00f1o y Sistemas, S.L.u. facilita a los usuarios la informaci\u00f3n relativa a las cookies que<span class=\"excerpt-hellip\"> [\u2026]<\/span><\/p>\n","protected":false},"author":1,"featured_media":0,"parent":4056,"menu_order":0,"comment_status":"closed","ping_status":"closed","template":"","meta":{"rs_blank_template":"","rs_page_bg_color":"","slide_template_v7":"","footnotes":""},"class_list":["post-4069","page","type-page","status-publish","hentry"],"_links":{"self":[{"href":"https:\/\/www.bargondys.com\/index.php\/wp-json\/wp\/v2\/pages\/4069","targetHints":{"allow":["GET"]}}],"collection":[{"href":"https:\/\/www.bargondys.com\/index.php\/wp-json\/wp\/v2\/pages"}],"about":[{"href":"https:\/\/www.bargondys.com\/index.php\/wp-json\/wp\/v2\/types\/page"}],"author":[{"embeddable":true,"href":"https:\/\/www.bargondys.com\/index.php\/wp-json\/wp\/v2\/users\/1"}],"replies":[{"embeddable":true,"href":"https:\/\/www.bargondys.com\/index.php\/wp-json\/wp\/v2\/comments?post=4069"}],"version-history":[{"count":3,"href":"https:\/\/www.bargondys.com\/index.php\/wp-json\/wp\/v2\/pages\/4069\/revisions"}],"predecessor-version":[{"id":4072,"href":"https:\/\/www.bargondys.com\/index.php\/wp-json\/wp\/v2\/pages\/4069\/revisions\/4072"}],"up":[{"embeddable":true,"href":"https:\/\/www.bargondys.com\/index.php\/wp-json\/wp\/v2\/pages\/4056"}],"wp:attachment":[{"href":"https:\/\/www.bargondys.com\/index.php\/wp-json\/wp\/v2\/media?parent=4069"}],"curies":[{"name":"wp","href":"https:\/\/api.w.org\/{rel}","templated":true}]}}